{"id":1820,"date":"2017-06-06T09:06:30","date_gmt":"2017-06-06T09:06:30","guid":{"rendered":"http:\/\/dev.joomexp.com\/wordpress\/wp-medix\/?page_id=10"},"modified":"2021-08-20T11:09:13","modified_gmt":"2021-08-20T14:09:13","slug":"dentistry","status":"publish","type":"page","link":"https:\/\/drpedroguedes.com.br\/","title":{"rendered":"Dentistry"},"content":{"rendered":"<p>[vc_row][vc_column][rev_slider_vc alias=&#8221;home3&#8243;][\/vc_column][\/vc_row][vc_row padding_top=&#8221;padding_top_150&#8243; padding_bottom=&#8221;padding_bottom_100&#8243;][vc_column][cms_grid_services col_xs=&#8221;1&#8243; col_sm=&#8221;2&#8243; col_md=&#8221;3&#8243; col_lg=&#8221;3&#8243; show_patination=&#8221;1&#8243; source=&#8221;size:12|order_by:date|post_type:services&#8221; cms_template=&#8221;cms_grid_services&#8211;layout1.php&#8221;][\/vc_column][\/vc_row][vc_row full_width=&#8221;stretch_row&#8221; padding_top=&#8221;padding_top_150&#8243; padding_bottom=&#8221;padding_bottom_150&#8243; overlay_opacity=&#8221;true&#8221; bg_fixed=&#8221;true&#8221; css=&#8221;.vc_custom_1501899260759{background: rgba(51,136,206,0.9) url(http:\/\/dev.joomexp.com\/wordpress\/wp-medix\/wp-content\/uploads\/2017\/06\/action-1.jpg?id=1381) !important;background-position: center !important;background-repeat: no-repeat !important;background-size: cover !important;*background-color: rgb(51,136,206) !important;}&#8221;][vc_column][vc_custom_heading text=&#8221;Marque uma consulta&#8221; font_container=&#8221;tag:h2|text_align:center|color:%23ffffff|line_height:0.8&#8243; use_theme_fonts=&#8221;yes&#8221; uppercase=&#8221;1&#8243; thin=&#8221;&#8221;][vc_column_text color=&#8221;#ffffff&#8221; css=&#8221;.vc_custom_1600110208501{margin-bottom: 30px !important;}&#8221;]<\/p>\n<p style=\"text-align: center;\">Marque sua avalia\u00e7\u00e3o.<\/p>\n<p>[\/vc_column_text][cms_button title=&#8221;Marcar&#8221; btn_type=&#8221;btn-white&#8221; align=&#8221;center&#8221; button_block=&#8221;&#8221; add_icon=&#8221;&#8221; link=&#8221;url:http%3A%2F%2Fdrpedroguedes.com.br%2Findex.php%2Fcontact-2%2F|||&#8221;][\/vc_column][\/vc_row][vc_row full_width=&#8221;stretch_row&#8221; padding_top=&#8221;padding_top_150&#8243; padding_bottom=&#8221;padding_bottom_110&#8243; overlay_opacity=&#8221;true&#8221; bg_fixed=&#8221;true&#8221; css=&#8221;.vc_custom_1501900491121{background: rgba(16,32,53,0.9) url(http:\/\/dev.joomexp.com\/wordpress\/wp-medix\/wp-content\/uploads\/2017\/06\/dentist-about-1.jpg?id=1383) !important;background-position: center !important;background-repeat: no-repeat !important;background-size: cover !important;*background-color: rgb(16,32,53) !important;}&#8221;][vc_column css=&#8221;.vc_custom_1501900779731{margin-bottom: 30px !important;}&#8221; offset=&#8221;vc_col-lg-6 vc_col-md-6&#8243;][vc_custom_heading text=&#8221;O que \u00e9 um&#8221; font_container=&#8221;tag:h4|text_align:left|color:%23ffffff|line_height:1&#8243; use_theme_fonts=&#8221;yes&#8221; uppercase=&#8221;1&#8243; thin=&#8221;1&#8243; css=&#8221;.vc_custom_1594927766988{margin-bottom: 0px !important;}&#8221;][vc_custom_heading text=&#8221;cirurgi\u00e3o Buco Maxilo?&#8221; font_container=&#8221;tag:h3|text_align:left|color:%233388ce|line_height:0.8&#8243; use_theme_fonts=&#8221;yes&#8221; uppercase=&#8221;1&#8243; thin=&#8221;&#8221; css=&#8221;.vc_custom_1594929729175{margin-bottom: 50px !important;}&#8221;][vc_tta_pageable no_fill_content_area=&#8221;1&#8243; autoplay=&#8221;10&#8243; active_section=&#8221;1&#8243; pagination_style=&#8221;&#8221;][vc_tta_section title=&#8221;Se\u00e7\u00e3o 1&#8243; tab_id=&#8221;1599510413224-e04c8054-e087&#8243;][vc_column_text]O Cirurgi\u00e3o Buco-Maxilo-Facial \u00e9 formado em Odontologia e especializado para o tratamento cir\u00fargico de problemas e patologias da cavidade bucal, reconstru\u00e7\u00f5es \u00f3sseas dos maxilares (enxertos \u00f3sseos), tratamento cl\u00ednico e cir\u00fargico das disfun\u00e7\u00f5es das articula\u00e7\u00f5es temporomandibulares e parafun\u00e7\u00f5es (apertamento e bruxismo), tratamento das deformidades dentofaciais (pela Cirurgia Ortogn\u00e1tica), traumatismos da face, cistos e tumores benignos da cavidade oral e regi\u00e3o maxilofacial.<\/p>\n<p>Cirurgias menores como Remo\u00e7\u00e3o dos dentes do Siso e os Implantes Dent\u00e1rios, tamb\u00e9m est\u00e3o no seu dia a dia. Por ser um grande especialista na face e dominar a an\u00e1lise facial em seus diagn\u00f3sticos, est\u00e1 tamb\u00e9m capacitado nas cirurgias de Feminiza\u00e7\u00e3o e Masculiniza\u00e7\u00e3o da face, al\u00e9m da Harmoniza\u00e7\u00e3o Facial pelo uso da Toxina Botul\u00ednica e Preenchimento com o \u00c1cido Hialur\u00f4nico, al\u00e9m do preparo da pele da face com as t\u00e9cnicas do Peeling, Microagulhamento, Skynbooster, Sculptra.[\/vc_column_text][\/vc_tta_section][\/vc_tta_pageable][\/vc_column][vc_column css=&#8221;.vc_custom_1501900823893{margin-bottom: 30px !important;}&#8221; offset=&#8221;vc_col-lg-6 vc_col-md-6&#8243;][vc_gallery interval=&#8221;5&#8243; images=&#8221;2200,2261&#8243; img_size=&#8221;full&#8221;][\/vc_column][\/vc_row][vc_row padding_top=&#8221;padding_top_140&#8243; padding_bottom=&#8221;padding_bottom_100&#8243;][vc_column width=&#8221;1\/4&#8243; css=&#8221;.vc_custom_1501901656727{margin-bottom: 30px !important;}&#8221;][vc_single_image image=&#8221;2127&#8243;][\/vc_column][vc_column width=&#8221;3\/4&#8243; css=&#8221;.vc_custom_1501901664982{margin-bottom: 30px !important;}&#8221;][vc_custom_heading text=&#8221;Quem \u00e9&#8221; font_container=&#8221;tag:h2|text_align:left|line_height:0.8&#8243; use_theme_fonts=&#8221;yes&#8221; uppercase=&#8221;1&#8243; thin=&#8221;1&#8243; css=&#8221;.vc_custom_1594929231918{margin-bottom: 0px !important;}&#8221;][vc_custom_heading text=&#8221;Dr. Pedro Guedes&#8221; font_container=&#8221;tag:h2|text_align:left|line_height:0.8&#8243; use_theme_fonts=&#8221;yes&#8221; uppercase=&#8221;1&#8243; thin=&#8221;&#8221; css=&#8221;.vc_custom_1594929244909{margin-bottom: 50px !important;}&#8221;][vc_column_text css=&#8221;.vc_custom_1595018132291{margin-bottom: 50px !important;}&#8221;]Graduado em Odontologia pela USP Riber\u00e3o Preto. Dr. Pedro Guedes tem especializa\u00e7\u00e3o na \u00e1rea de Cirurgia Oral, Cirurgia Bucomaxilofacial, \u00e9 mestre em Bioodontologia e possui treinamento de Implantes e Enxertos Orais em Harvard.[\/vc_column_text][cms_button title=&#8221;Saiba Mais&#8221; btn_type=&#8221;btn-secondary&#8221; add_icon=&#8221;&#8221; link=&#8221;url:http%3A%2F%2Fdrpedroguedes.com.br%2Findex.php%2Fdr-pedro-guedes-pinto%2F|||&#8221;][\/vc_column][\/vc_row][vc_row full_width=&#8221;stretch_row&#8221; padding_top=&#8221;padding_top_150&#8243; padding_bottom=&#8221;padding_bottom_110&#8243; css=&#8221;.vc_custom_1501930374029{background-color: #f3f4f5 !important;}&#8221;][vc_column][vc_custom_heading text=&#8221;Nosso Blog&#8221; font_container=&#8221;tag:h4|text_align:center|line_height:1&#8243; use_theme_fonts=&#8221;yes&#8221; uppercase=&#8221;1&#8243; thin=&#8221;1&#8243;][vc_custom_heading text=&#8221;Artigos e V\u00eddeos&#8221; font_container=&#8221;tag:h2|text_align:center|line_height:0.8&#8243; use_theme_fonts=&#8221;yes&#8221; uppercase=&#8221;1&#8243; thin=&#8221;&#8221; css=&#8221;.vc_custom_1629468290511{margin-bottom: 60px !important;}&#8221;][cms_grid col_xs=&#8221;1&#8243; col_sm=&#8221;1&#8243; col_md=&#8221;3&#8243; col_lg=&#8221;3&#8243; show_patination=&#8221;&#8221; show_read_more=&#8221;&#8221; btn_bg_color=&#8221;bg-second&#8221; word_number=&#8221;11&#8243; source=&#8221;size:3|order_by:date|post_type:post&#8221; cms_template=&#8221;cms_grid&#8211;blog2.php&#8221;][\/vc_column][\/vc_row]<\/p>\n","protected":false},"excerpt":{"rendered":"<p>[vc_row][vc_column][rev_slider_vc alias=&#8221;home3&#8243;][\/vc_column][\/vc_row][vc_row padding_top=&#8221;padding_top_150&#8243; padding_bottom=&#8221;padding_bottom_100&#8243;][vc_column][cms_grid_services col_xs=&#8221;1&#8243; col_sm=&#8221;2&#8243; col_md=&#8221;3&#8243; col_lg=&#8221;3&#8243; show_patination=&#8221;1&#8243; source=&#8221;size:12|order_by:date|post_type:services&#8221; cms_template=&#8221;cms_grid_services&#8211;layout1.php&#8221;][\/vc_column][\/vc_row][vc_row full_width=&#8221;stretch_row&#8221; padding_top=&#8221;padding_top_150&#8243; padding_bottom=&#8221;padding_bottom_150&#8243; overlay_opacity=&#8221;true&#8221; bg_fixed=&#8221;true&#8221; css=&#8221;.vc_custom_1501899260759{background: rgba(51,136,206,0.9) url(http:\/\/dev.joomexp.com\/wordpress\/wp-medix\/wp-content\/uploads\/2017\/06\/action-1.jpg?id=1381) !important;background-position: center !important;background-repeat: no-repeat !important;background-size: cover !important;*background-color: rgb(51,136,206) !important;}&#8221;][vc_column][vc_custom_heading text=&#8221;Marque uma consulta&#8221; font_container=&#8221;tag:h2|text_align:center|color:%23ffffff|line_height:0.8&#8243; use_theme_fonts=&#8221;yes&#8221; uppercase=&#8221;1&#8243; thin=&#8221;&#8221;][vc_column_text color=&#8221;#ffffff&#8221; css=&#8221;.vc_custom_1600110208501{margin-bottom: 30px !important;}&#8221;] Marque sua avalia\u00e7\u00e3o. [\/vc_column_text][cms_button title=&#8221;Marcar&#8221; btn_type=&#8221;btn-white&#8221; align=&#8221;center&#8221; button_block=&#8221;&#8221; add_icon=&#8221;&#8221; link=&#8221;url:http%3A%2F%2Fdrpedroguedes.com.br%2Findex.php%2Fcontact-2%2F|||&#8221;][\/vc_column][\/vc_row][vc_row full_width=&#8221;stretch_row&#8221;<\/p>\n","protected":false},"author":1,"featured_media":0,"parent":0,"menu_order":0,"comment_status":"closed","ping_status":"closed","template":"","meta":{"footnotes":""},"class_list":["post-1820","page","type-page","status-publish","hentry"],"_links":{"self":[{"href":"https:\/\/drpedroguedes.com.br\/index.php\/wp-json\/wp\/v2\/pages\/1820","targetHints":{"allow":["GET"]}}],"collection":[{"href":"https:\/\/drpedroguedes.com.br\/index.php\/wp-json\/wp\/v2\/pages"}],"about":[{"href":"https:\/\/drpedroguedes.com.br\/index.php\/wp-json\/wp\/v2\/types\/page"}],"author":[{"embeddable":true,"href":"https:\/\/drpedroguedes.com.br\/index.php\/wp-json\/wp\/v2\/users\/1"}],"replies":[{"embeddable":true,"href":"https:\/\/drpedroguedes.com.br\/index.php\/wp-json\/wp\/v2\/comments?post=1820"}],"version-history":[{"count":18,"href":"https:\/\/drpedroguedes.com.br\/index.php\/wp-json\/wp\/v2\/pages\/1820\/revisions"}],"predecessor-version":[{"id":2328,"href":"https:\/\/drpedroguedes.com.br\/index.php\/wp-json\/wp\/v2\/pages\/1820\/revisions\/2328"}],"wp:attachment":[{"href":"https:\/\/drpedroguedes.com.br\/index.php\/wp-json\/wp\/v2\/media?parent=1820"}],"curies":[{"name":"wp","href":"https:\/\/api.w.org\/{rel}","templated":true}]}}