{"id":2135,"date":"2020-07-20T19:44:39","date_gmt":"2020-07-20T22:44:39","guid":{"rendered":"http:\/\/drpedroguedes.com.br\/?page_id=2135"},"modified":"2025-05-21T12:47:22","modified_gmt":"2025-05-21T15:47:22","slug":"dr-pedro-guedes-pinto","status":"publish","type":"page","link":"http:\/\/drpedroguedes.com.br\/index.php\/dr-pedro-guedes-pinto\/","title":{"rendered":"Dr. Pedro Guedes Pinto"},"content":{"rendered":"<p>[vc_row][vc_column][vc_text_separator title=&#8221;Quem \u00e9 Dr. Pedro Guedes&#8221;][vc_empty_space height=&#8221;55px&#8221;][\/vc_column][\/vc_row][vc_row][vc_column width=&#8221;2\/5&#8243;][vc_single_image image=&#8221;2127&#8243; img_size=&#8221;full&#8221;][vc_empty_space][vc_custom_heading text=&#8221;Cirurgi\u00e3o Buco Maxilo Facial&#8221; font_container=&#8221;tag:h4|text_align:center&#8221; use_theme_fonts=&#8221;yes&#8221;][vc_empty_space height=&#8221;120px&#8221;][vc_images_carousel images=&#8221;2133,2188&#8243; img_size=&#8221;full&#8221; autoplay=&#8221;yes&#8221; wrap=&#8221;yes&#8221;][\/vc_column][vc_column width=&#8221;3\/5&#8243;][vc_column_text]Pedro Guedes-Pinto<br \/>\nGraduado em Odontologia pela Faculdade de Odontologia de Ribeir\u00e3o Preto da USP (1995-1998), P\u00f3s-Gradua\u00e7\u00e3o em Cirurgia Oral menor pela Santa Casa de S\u00e3o Paulo (1999-2000); Especialista e em Cirurgia Bucomaxilofacial pela Associa\u00e7\u00e3o Brasileira dos Cirurgi\u00f5es Dentistas de SP (2007-2008), Resid\u00eancia em Cirurgia Bucomaxilofacial no Hospital Universit\u00e1rio de USP-SP (2000-2002); Mestre em Bioodontologia pela UNIb \u2013 SP (2010-2011), Treinamento em implantes e enxertos orais pela Universidade de Harvard \u2013 EUA (2009).[\/vc_column_text][vc_column_text]<\/p>\n<div class=\"vc_row wpb_row vc_row-fluid vc_custom_1502099792828\">\n<div class=\"wpb_column vc_column_container vc_col-sm-12\" data-delay=\"150\">\n<div class=\"vc_column-inner \">\n<div class=\"wpb_wrapper\">\n<div class=\"wpb_text_column wpb_content_element list2 triangle-bullet\">\n<div class=\"wpb_wrapper\">\n<ul>\n<li>Cirurgia Ortogn\u00e1tica<\/li>\n<li>Harmoniza\u00e7\u00e3o Facial<\/li>\n<li>Implantes Dent\u00e1rios<\/li>\n<li>Dentes do Siso<\/li>\n<li>Dores da ATM e Bruxismo<\/li>\n<li>Apneia do Sono<\/li>\n<li>Implante de Polietileno Poroso<\/li>\n<li>Patologia da face e boca<\/li>\n<\/ul>\n<\/div>\n<\/div>\n<\/div>\n<\/div>\n<\/div>\n<\/div>\n<p>[\/vc_column_text][vc_empty_space][vc_tta_tabs style=&#8221;theme-border&#8221; color=&#8221;white&#8221; active_section=&#8221;1&#8243;][vc_tta_section title=&#8221;Biografia&#8221; tab_id=&#8221;1595284113785-cc4b0985-629f&#8221;][vc_column_text]Sou Pedro Guedes Pinto, e antes de ser cirurgi\u00e3o Bucomaxilo, sou cronologicamente falando&#8230; filho, sobrinho, amigo, jogador apaixonado pelo Rugby, treinador de Rugby, cirurgi\u00e3o dentista, marido feliz, pai de 3 filhas lindas e saud\u00e1veis, ilhabelense de cora\u00e7\u00e3o, snowborder, remador de canoa havaiana, vi\u00favo, marido feliz novamente, pai de mais uma filha igualmente linda e saud\u00e1vel.<\/p>\n<p>Enfim, sou um cara sortudo, simples, prospero, feliz e calejado e grato pela vida que tenho.<\/p>\n<p>Fui criado no R\u00fagbi e lapidado na Canoa Hawaiana, e levo os valores desses esportes para a vida:<\/p>\n<ul>\n<li>Integridade<\/li>\n<li>Companheirismo<\/li>\n<li>Trabalho em equipe<\/li>\n<li>Respeito<\/li>\n<li>Educa\u00e7\u00e3o<\/li>\n<li>Foco<\/li>\n<\/ul>\n<p>Mas tudo isso com Divers\u00e3o!<\/p>\n<p>Obrigado, seja bem vindo e espere sempre o melhor de mim. Sa\u00fade![\/vc_column_text][\/vc_tta_section][vc_tta_section title=&#8221;Contato&#8221; tab_id=&#8221;1595284113837-c4439747-cc85&#8243;][vc_column_text]<\/p>\n<div class=\"vc_tta-panel-body\">\n<div class=\"wpb_text_column wpb_content_element \">\n<div class=\"wpb_wrapper\">\n<p style=\"text-align: left;\">E-mail: <a href=\"mailto:clinicanova21@gmail.com\">clinicanova21@gmail.com<\/a><br \/>\nWhatsApp <strong>SP<\/strong>: +11 99294 0662<\/p>\n<p style=\"text-align: left;\">WhatsApp <strong>Ilhabela<\/strong>: +12 99237 7895<\/p>\n<\/div>\n<\/div>\n<\/div>\n<p>[\/vc_column_text][\/vc_tta_section][\/vc_tta_tabs][\/vc_column][\/vc_row]<\/p>\n","protected":false},"excerpt":{"rendered":"<p>[vc_row][vc_column][vc_text_separator title=&#8221;Quem \u00e9 Dr. Pedro Guedes&#8221;][vc_empty_space height=&#8221;55px&#8221;][\/vc_column][\/vc_row][vc_row][vc_column width=&#8221;2\/5&#8243;][vc_single_image image=&#8221;2127&#8243; img_size=&#8221;full&#8221;][vc_empty_space][vc_custom_heading text=&#8221;Cirurgi\u00e3o Buco Maxilo Facial&#8221; font_container=&#8221;tag:h4|text_align:center&#8221; use_theme_fonts=&#8221;yes&#8221;][vc_empty_space height=&#8221;120px&#8221;][vc_images_carousel images=&#8221;2133,2188&#8243; img_size=&#8221;full&#8221; autoplay=&#8221;yes&#8221; wrap=&#8221;yes&#8221;][\/vc_column][vc_column width=&#8221;3\/5&#8243;][vc_column_text]Pedro Guedes-Pinto Graduado em Odontologia pela Faculdade de Odontologia de Ribeir\u00e3o Preto da USP (1995-1998), P\u00f3s-Gradua\u00e7\u00e3o em Cirurgia Oral menor pela Santa Casa de S\u00e3o Paulo (1999-2000); Especialista e<\/p>\n","protected":false},"author":1,"featured_media":0,"parent":0,"menu_order":0,"comment_status":"closed","ping_status":"closed","template":"","meta":{"footnotes":""},"class_list":["post-2135","page","type-page","status-publish","hentry"],"_links":{"self":[{"href":"http:\/\/drpedroguedes.com.br\/index.php\/wp-json\/wp\/v2\/pages\/2135","targetHints":{"allow":["GET"]}}],"collection":[{"href":"http:\/\/drpedroguedes.com.br\/index.php\/wp-json\/wp\/v2\/pages"}],"about":[{"href":"http:\/\/drpedroguedes.com.br\/index.php\/wp-json\/wp\/v2\/types\/page"}],"author":[{"embeddable":true,"href":"http:\/\/drpedroguedes.com.br\/index.php\/wp-json\/wp\/v2\/users\/1"}],"replies":[{"embeddable":true,"href":"http:\/\/drpedroguedes.com.br\/index.php\/wp-json\/wp\/v2\/comments?post=2135"}],"version-history":[{"count":20,"href":"http:\/\/drpedroguedes.com.br\/index.php\/wp-json\/wp\/v2\/pages\/2135\/revisions"}],"predecessor-version":[{"id":2415,"href":"http:\/\/drpedroguedes.com.br\/index.php\/wp-json\/wp\/v2\/pages\/2135\/revisions\/2415"}],"wp:attachment":[{"href":"http:\/\/drpedroguedes.com.br\/index.php\/wp-json\/wp\/v2\/media?parent=2135"}],"curies":[{"name":"wp","href":"https:\/\/api.w.org\/{rel}","templated":true}]}}